{"id":141,"date":"2013-05-30T09:05:20","date_gmt":"2013-05-30T07:05:20","guid":{"rendered":"http:\/\/neu.beautylicious-nails-and-more.de\/?page_id=141"},"modified":"2024-02-06T19:35:31","modified_gmt":"2024-02-06T17:35:31","slug":"manikuere","status":"publish","type":"page","link":"https:\/\/www.beautylicious-nails-and-more.de\/?page_id=141","title":{"rendered":"Manikuere"},"content":{"rendered":"<h2 style=\"text-align: center;\"><span style=\"color: #ff99cc;\">Manik\u00fcre<\/span><\/h2>\n<h2 style=\"text-align: center;\"><span style=\"color: #ff99cc;\">Die beste Pflege f\u00fcr Ihre H\u00e4nde.<\/span><\/h2>\n<p><span style=\"font-size: medium;\">Sch\u00f6ne und gut geformte Fingern\u00e4gel erh\u00f6hen den Ausdruck einer gepflegten Hand. Jede sch\u00f6nheitsbewusste Frau und auch der moderne Mann legen Wert auf sch\u00f6ne H\u00e4nde und N\u00e4gel. Eine regelm\u00e4\u00dfige Pflege ist jedoch unerl\u00e4sslich und vermeidet Nagelprobleme.<\/span><\/p>\n<p>&nbsp;<\/p>\n<table style=\"width: 84.8196%; height: 148px;\" border=\"0\" cellspacing=\"5\" cellpadding=\"5\" align=\"center\">\n<tbody>\n<tr style=\"height: 79px;\">\n<td style=\"height: 79px; width: 113.702%;\" colspan=\"2\">\n<h2 style=\"text-align: center;\"><span style=\"color: #ff99cc;\">Die Leistungen im \u00dcberblick:<\/span><\/h2>\n<\/td>\n<\/tr>\n<tr style=\"height: 23px;\">\n<td style=\"text-align: left; height: 23px; width: 57.4613%;\"><span style=\"font-size: medium;\">Manik\u00fcre Standard<\/span><\/td>\n<td style=\"height: 23px; width: 56.2407%; text-align: right;\"><span style=\"font-size: medium;\">25,00 \u20ac<\/span><\/td>\n<\/tr>\n<tr style=\"height: 23px;\">\n<td style=\"text-align: left; height: 23px; width: 57.4613%;\"><span style=\"font-size: medium;\">Manik\u00fcre inkl. lackieren<\/span><\/td>\n<td style=\"height: 23px; width: 56.2407%; text-align: right;\"><span style=\"font-size: medium;\">28,00 \u20ac<\/span><\/td>\n<\/tr>\n<tr style=\"height: 23px;\">\n<td style=\"text-align: left; height: 23px; width: 57.4613%;\">&nbsp;<\/td>\n<td style=\"height: 23px; width: 56.2407%;\">&nbsp;<\/td>\n<\/tr>\n<\/tbody>\n<\/table>\n\n\t\t<style type=\"text\/css\">\n\t\t\t#gallery-1 {\n\t\t\t\tmargin: auto;\n\t\t\t}\n\t\t\t#gallery-1 .gallery-item {\n\t\t\t\tfloat: left;\n\t\t\t\tmargin-top: 10px;\n\t\t\t\ttext-align: center;\n\t\t\t\twidth: 33%;\n\t\t\t}\n\t\t\t#gallery-1 img {\n\t\t\t\tborder: 2px solid #cfcfcf;\n\t\t\t}\n\t\t\t#gallery-1 .gallery-caption {\n\t\t\t\tmargin-left: 0;\n\t\t\t}\n\t\t\t\/* see gallery_shortcode() in wp-includes\/media.php *\/\n\t\t<\/style>\n\t\t<div id='gallery-1' class='gallery galleryid-141 gallery-columns-3 gallery-size-thumbnail'><dl class='gallery-item'>\n\t\t\t<dt class='gallery-icon landscape'>\n\t\t\t\t<a title=\"1\" href='https:\/\/www.beautylicious-nails-and-more.de\/wp-content\/uploads\/2013\/05\/manikuere_01.jpg'><img loading=\"lazy\" decoding=\"async\" width=\"150\" height=\"150\" src=\"https:\/\/www.beautylicious-nails-and-more.de\/wp-content\/uploads\/2013\/05\/manikuere_01-150x150.jpg\" class=\"attachment-thumbnail size-thumbnail\" alt=\"\" \/><\/a>\n\t\t\t<\/dt><\/dl><dl class='gallery-item'>\n\t\t\t<dt class='gallery-icon portrait'>\n\t\t\t\t<a title=\"2\" href='https:\/\/www.beautylicious-nails-and-more.de\/wp-content\/uploads\/2013\/05\/manikuere_02.jpg'><img loading=\"lazy\" decoding=\"async\" width=\"150\" height=\"150\" src=\"https:\/\/www.beautylicious-nails-and-more.de\/wp-content\/uploads\/2013\/05\/manikuere_02-150x150.jpg\" class=\"attachment-thumbnail size-thumbnail\" alt=\"\" \/><\/a>\n\t\t\t<\/dt><\/dl><dl class='gallery-item'>\n\t\t\t<dt class='gallery-icon portrait'>\n\t\t\t\t<a title=\"3\" href='https:\/\/www.beautylicious-nails-and-more.de\/wp-content\/uploads\/2013\/05\/manikuere_03.jpg'><img loading=\"lazy\" decoding=\"async\" width=\"150\" height=\"150\" src=\"https:\/\/www.beautylicious-nails-and-more.de\/wp-content\/uploads\/2013\/05\/manikuere_03-150x150.jpg\" class=\"attachment-thumbnail size-thumbnail\" alt=\"\" \/><\/a>\n\t\t\t<\/dt><\/dl><br style=\"clear: both\" \/>\n\t\t<\/div>\n\n","protected":false},"excerpt":{"rendered":"<p>Manik\u00fcre Die beste Pflege f\u00fcr Ihre H\u00e4nde. Sch\u00f6ne und gut geformte Fingern\u00e4gel erh\u00f6hen den Ausdruck einer gepflegten Hand. Jede sch\u00f6nheitsbewusste Frau und auch der moderne Mann legen Wert auf sch\u00f6ne H\u00e4nde und N\u00e4gel. Eine regelm\u00e4\u00dfige Pflege ist jedoch unerl\u00e4sslich und vermeidet Nagelprobleme. &nbsp; Die Leistungen im \u00dcberblick: Manik\u00fcre Standard 25,00 \u20ac Manik\u00fcre inkl. lackieren 28,00 [&hellip;]<\/p>\n","protected":false},"author":1,"featured_media":0,"parent":59,"menu_order":0,"comment_status":"open","ping_status":"open","template":"","meta":{"ngg_post_thumbnail":0,"footnotes":""},"_links":{"self":[{"href":"https:\/\/www.beautylicious-nails-and-more.de\/index.php?rest_route=\/wp\/v2\/pages\/141"}],"collection":[{"href":"https:\/\/www.beautylicious-nails-and-more.de\/index.php?rest_route=\/wp\/v2\/pages"}],"about":[{"href":"https:\/\/www.beautylicious-nails-and-more.de\/index.php?rest_route=\/wp\/v2\/types\/page"}],"author":[{"embeddable":true,"href":"https:\/\/www.beautylicious-nails-and-more.de\/index.php?rest_route=\/wp\/v2\/users\/1"}],"replies":[{"embeddable":true,"href":"https:\/\/www.beautylicious-nails-and-more.de\/index.php?rest_route=%2Fwp%2Fv2%2Fcomments&post=141"}],"version-history":[{"count":18,"href":"https:\/\/www.beautylicious-nails-and-more.de\/index.php?rest_route=\/wp\/v2\/pages\/141\/revisions"}],"predecessor-version":[{"id":619,"href":"https:\/\/www.beautylicious-nails-and-more.de\/index.php?rest_route=\/wp\/v2\/pages\/141\/revisions\/619"}],"up":[{"embeddable":true,"href":"https:\/\/www.beautylicious-nails-and-more.de\/index.php?rest_route=\/wp\/v2\/pages\/59"}],"wp:attachment":[{"href":"https:\/\/www.beautylicious-nails-and-more.de\/index.php?rest_route=%2Fwp%2Fv2%2Fmedia&parent=141"}],"curies":[{"name":"wp","href":"https:\/\/api.w.org\/{rel}","templated":true}]}}