{"id":155,"date":"2013-05-30T09:19:51","date_gmt":"2013-05-30T07:19:51","guid":{"rendered":"http:\/\/neu.beautylicious-nails-and-more.de\/?page_id=155"},"modified":"2024-02-06T19:39:58","modified_gmt":"2024-02-06T17:39:58","slug":"fuspflege","status":"publish","type":"page","link":"https:\/\/www.beautylicious-nails-and-more.de\/?page_id=155","title":{"rendered":"Fu\u00dfpflege"},"content":{"rendered":"<h2 style=\"text-align: center;\"><span style=\"color: #ff99cc;\">Fu\u00dfpflege<\/span><\/h2>\n<h2 style=\"text-align: center;\"><span style=\"color: #ff99cc;\">4 Gr\u00fcnde f\u00fcr eine professionelle Fu\u00dfpflege<\/span><\/h2>\n<p>&nbsp;<\/p>\n<ul>\n<li>Ihre F\u00fc\u00dfe m\u00fcssen Sie ein ganzes Leben lang tragen.<\/li>\n<li>Vernachl\u00e4ssigte F\u00fc\u00dfe k\u00f6nnen Probleme machen oder beim Laufen&nbsp;sogar&nbsp;schmerzen.<\/li>\n<li>Nicht f\u00fcr alles Geld der Welt kann man sich neue F\u00fc\u00dfe kaufen, aber f\u00fcr wenig Geld eine Fu\u00dfpflege leisten.<\/li>\n<li>Deshalb lassen Sie Ihre F\u00fc\u00dfe von einer erfahrenen Fu\u00dfpflegerin&nbsp; verw\u00f6hnen,<\/li>\n<\/ul>\n<p style=\"text-align: center;\">&nbsp;&nbsp; sie werden es Ihnen danken.<\/p>\n<p>&nbsp;<\/p>\n<table style=\"width: 86.4881%; height: 139px;\" border=\"0\" cellspacing=\"5\" cellpadding=\"5\" align=\"center\">\n<tbody>\n<tr style=\"height: 79px;\">\n<td style=\"width: 114.433%; height: 70px;\" colspan=\"2\">\n<h2 style=\"text-align: center;\"><span style=\"color: #ff99cc;\">Die Leistungen im \u00dcberblick:<\/span><\/h2>\n<\/td>\n<\/tr>\n<tr style=\"height: 23px;\">\n<td style=\"text-align: left; width: 62.7773%; height: 23px;\"><span style=\"font-size: medium;\">med. Fu\u00dfpflege Standard<br \/>\n<\/span><\/td>\n<td style=\"width: 51.6555%; height: 23px; text-align: right;\"><span style=\"font-size: medium;\">32,00 \u20ac<\/span><\/td>\n<\/tr>\n<tr style=\"height: 23px;\">\n<td style=\"text-align: left; width: 62.7773%; height: 23px;\"><span style=\"font-size: medium;\">med. Fu\u00dfpflege inkl. lackieren<\/span><\/td>\n<td style=\"width: 51.6555%; height: 23px; text-align: right;\"><span style=\"font-size: medium;\">36,00 \u20ac<\/span><\/td>\n<\/tr>\n<tr style=\"height: 23px;\">\n<td style=\"text-align: left; width: 62.7773%; height: 23px;\"><span style=\"font-size: medium;\">Fu\u00dfmassage (15 Min.)<br \/>\n<\/span><\/td>\n<td style=\"width: 51.6555%; height: 23px; text-align: right;\"><span style=\"font-size: medium;\">14,00 \u20ac<\/span><\/td>\n<\/tr>\n<\/tbody>\n<\/table>\n\n\t\t<style type=\"text\/css\">\n\t\t\t#gallery-1 {\n\t\t\t\tmargin: auto;\n\t\t\t}\n\t\t\t#gallery-1 .gallery-item {\n\t\t\t\tfloat: left;\n\t\t\t\tmargin-top: 10px;\n\t\t\t\ttext-align: center;\n\t\t\t\twidth: 33%;\n\t\t\t}\n\t\t\t#gallery-1 img {\n\t\t\t\tborder: 2px solid #cfcfcf;\n\t\t\t}\n\t\t\t#gallery-1 .gallery-caption {\n\t\t\t\tmargin-left: 0;\n\t\t\t}\n\t\t\t\/* see gallery_shortcode() in wp-includes\/media.php *\/\n\t\t<\/style>\n\t\t<div id='gallery-1' class='gallery galleryid-155 gallery-columns-3 gallery-size-thumbnail'><dl class='gallery-item'>\n\t\t\t<dt class='gallery-icon landscape'>\n\t\t\t\t<a title=\"1\" href='https:\/\/www.beautylicious-nails-and-more.de\/wp-content\/uploads\/2013\/05\/fusspflege_01.jpg'><img loading=\"lazy\" decoding=\"async\" width=\"150\" height=\"150\" src=\"https:\/\/www.beautylicious-nails-and-more.de\/wp-content\/uploads\/2013\/05\/fusspflege_01-150x150.jpg\" class=\"attachment-thumbnail size-thumbnail\" alt=\"\" \/><\/a>\n\t\t\t<\/dt><\/dl><dl class='gallery-item'>\n\t\t\t<dt class='gallery-icon portrait'>\n\t\t\t\t<a title=\"2\" href='https:\/\/www.beautylicious-nails-and-more.de\/wp-content\/uploads\/2013\/05\/fusspflege_02.jpg'><img loading=\"lazy\" decoding=\"async\" width=\"150\" height=\"150\" src=\"https:\/\/www.beautylicious-nails-and-more.de\/wp-content\/uploads\/2013\/05\/fusspflege_02-150x150.jpg\" class=\"attachment-thumbnail size-thumbnail\" alt=\"\" \/><\/a>\n\t\t\t<\/dt><\/dl><dl class='gallery-item'>\n\t\t\t<dt class='gallery-icon portrait'>\n\t\t\t\t<a title=\"3\" href='https:\/\/www.beautylicious-nails-and-more.de\/wp-content\/uploads\/2013\/05\/fusspflege_03.jpg'><img loading=\"lazy\" decoding=\"async\" width=\"150\" height=\"150\" src=\"https:\/\/www.beautylicious-nails-and-more.de\/wp-content\/uploads\/2013\/05\/fusspflege_03-150x150.jpg\" class=\"attachment-thumbnail size-thumbnail\" alt=\"\" \/><\/a>\n\t\t\t<\/dt><\/dl><br style=\"clear: both\" \/>\n\t\t<\/div>\n\n","protected":false},"excerpt":{"rendered":"<p>Fu\u00dfpflege 4 Gr\u00fcnde f\u00fcr eine professionelle Fu\u00dfpflege &nbsp; Ihre F\u00fc\u00dfe m\u00fcssen Sie ein ganzes Leben lang tragen. Vernachl\u00e4ssigte F\u00fc\u00dfe k\u00f6nnen Probleme machen oder beim Laufen&nbsp;sogar&nbsp;schmerzen. Nicht f\u00fcr alles Geld der Welt kann man sich neue F\u00fc\u00dfe kaufen, aber f\u00fcr wenig Geld eine Fu\u00dfpflege leisten. Deshalb lassen Sie Ihre F\u00fc\u00dfe von einer erfahrenen Fu\u00dfpflegerin&nbsp; verw\u00f6hnen, &nbsp;&nbsp; [&hellip;]<\/p>\n","protected":false},"author":1,"featured_media":0,"parent":59,"menu_order":0,"comment_status":"open","ping_status":"open","template":"","meta":{"ngg_post_thumbnail":0,"footnotes":""},"_links":{"self":[{"href":"https:\/\/www.beautylicious-nails-and-more.de\/index.php?rest_route=\/wp\/v2\/pages\/155"}],"collection":[{"href":"https:\/\/www.beautylicious-nails-and-more.de\/index.php?rest_route=\/wp\/v2\/pages"}],"about":[{"href":"https:\/\/www.beautylicious-nails-and-more.de\/index.php?rest_route=\/wp\/v2\/types\/page"}],"author":[{"embeddable":true,"href":"https:\/\/www.beautylicious-nails-and-more.de\/index.php?rest_route=\/wp\/v2\/users\/1"}],"replies":[{"embeddable":true,"href":"https:\/\/www.beautylicious-nails-and-more.de\/index.php?rest_route=%2Fwp%2Fv2%2Fcomments&post=155"}],"version-history":[{"count":18,"href":"https:\/\/www.beautylicious-nails-and-more.de\/index.php?rest_route=\/wp\/v2\/pages\/155\/revisions"}],"predecessor-version":[{"id":626,"href":"https:\/\/www.beautylicious-nails-and-more.de\/index.php?rest_route=\/wp\/v2\/pages\/155\/revisions\/626"}],"up":[{"embeddable":true,"href":"https:\/\/www.beautylicious-nails-and-more.de\/index.php?rest_route=\/wp\/v2\/pages\/59"}],"wp:attachment":[{"href":"https:\/\/www.beautylicious-nails-and-more.de\/index.php?rest_route=%2Fwp%2Fv2%2Fmedia&parent=155"}],"curies":[{"name":"wp","href":"https:\/\/api.w.org\/{rel}","templated":true}]}}