{"id":173,"date":"2013-05-30T09:29:23","date_gmt":"2013-05-30T07:29:23","guid":{"rendered":"http:\/\/neu.beautylicious-nails-and-more.de\/?page_id=173"},"modified":"2024-02-06T19:26:04","modified_gmt":"2024-02-06T17:26:04","slug":"depilation-enthaarung","status":"publish","type":"page","link":"https:\/\/www.beautylicious-nails-and-more.de\/?page_id=173","title":{"rendered":"Depilation &#8211; Enthaarung"},"content":{"rendered":"<h2 style=\"text-align: center;\"><span style=\"color: #ff99cc;\">Depilation &#8211; Warmwachsenthaarung<\/span><\/h2>\n<h2 style=\"text-align: center;\"><span style=\"color: #ff99cc;\">Sanfte Anwendung der Haarentfernung<\/span><\/h2>\n<p><span style=\"font-size: medium;\">lassen Sie optisch st\u00f6rende Haare entfernen. Depilation kann an verschiedenen K\u00f6rperstellen angewendet werden. Je nach Hauttyp h\u00e4lt die Wirksamkeit der Depilation 3-6 Wochen.<\/span><\/p>\n<p>&nbsp;<\/p>\n<table style=\"width: 85.2659%;\" border=\"0\" cellspacing=\"5\" cellpadding=\"5\" align=\"center\">\n<tbody>\n<tr>\n<td style=\"width: 118.134%;\" colspan=\"2\">\n<h2 style=\"text-align: center;\"><span style=\"color: #ff99cc;\">Die Leistungen im \u00dcberblick:<\/span><\/h2>\n<\/td>\n<\/tr>\n<tr>\n<td style=\"text-align: left; width: 60.4463%;\"><span style=\"font-size: medium;\">Beine, Bauch oder Brust<\/span><\/td>\n<td style=\"text-align: right; width: 57.6878%;\"><span style=\"font-size: medium;\">ab 27,00 \u20ac<\/span><\/td>\n<\/tr>\n<tr>\n<td style=\"text-align: left; width: 60.4463%;\"><span style=\"font-size: medium;\">Arme (beide komplett)<\/span><\/td>\n<td style=\"text-align: right; width: 57.6878%;\"><span style=\"font-size: medium;\">26,00 \u20ac<\/span><\/td>\n<\/tr>\n<tr>\n<td style=\"text-align: left; width: 60.4463%;\"><span style=\"font-size: medium;\">Achseln ( beide)<\/span><\/td>\n<td style=\"text-align: right; width: 57.6878%;\"><span style=\"font-size: medium;\">18,00 \u20ac<\/span><\/td>\n<\/tr>\n<tr>\n<td style=\"text-align: left; width: 60.4463%;\" valign=\"top\"><span style=\"font-size: medium;\">R\u00fccken ( je nach Aufwand)<\/span><\/td>\n<td style=\"text-align: right; width: 57.6878%;\" valign=\"top\"><span style=\"font-size: medium;\">&nbsp;&nbsp;&nbsp; ab 23,00 \u20ac<\/span><\/td>\n<\/tr>\n<\/tbody>\n<\/table>\n\n\t\t<style type=\"text\/css\">\n\t\t\t#gallery-1 {\n\t\t\t\tmargin: auto;\n\t\t\t}\n\t\t\t#gallery-1 .gallery-item {\n\t\t\t\tfloat: left;\n\t\t\t\tmargin-top: 10px;\n\t\t\t\ttext-align: center;\n\t\t\t\twidth: 33%;\n\t\t\t}\n\t\t\t#gallery-1 img {\n\t\t\t\tborder: 2px solid #cfcfcf;\n\t\t\t}\n\t\t\t#gallery-1 .gallery-caption {\n\t\t\t\tmargin-left: 0;\n\t\t\t}\n\t\t\t\/* see gallery_shortcode() in wp-includes\/media.php *\/\n\t\t<\/style>\n\t\t<div id='gallery-1' class='gallery galleryid-173 gallery-columns-3 gallery-size-thumbnail'><dl class='gallery-item'>\n\t\t\t<dt class='gallery-icon landscape'>\n\t\t\t\t<a title=\"3\" href='https:\/\/www.beautylicious-nails-and-more.de\/wp-content\/uploads\/2013\/05\/enthaarung_1.jpg'><img loading=\"lazy\" decoding=\"async\" width=\"150\" height=\"150\" src=\"https:\/\/www.beautylicious-nails-and-more.de\/wp-content\/uploads\/2013\/05\/enthaarung_1-150x150.jpg\" class=\"attachment-thumbnail size-thumbnail\" alt=\"\" srcset=\"https:\/\/www.beautylicious-nails-and-more.de\/wp-content\/uploads\/2013\/05\/enthaarung_1-150x150.jpg 150w, https:\/\/www.beautylicious-nails-and-more.de\/wp-content\/uploads\/2013\/05\/enthaarung_1-300x297.jpg 300w, https:\/\/www.beautylicious-nails-and-more.de\/wp-content\/uploads\/2013\/05\/enthaarung_1.jpg 695w\" sizes=\"(max-width: 150px) 100vw, 150px\" \/><\/a>\n\t\t\t<\/dt><\/dl><dl class='gallery-item'>\n\t\t\t<dt class='gallery-icon landscape'>\n\t\t\t\t<a title=\"2\" href='https:\/\/www.beautylicious-nails-and-more.de\/wp-content\/uploads\/2013\/05\/enthaarung_2.jpg'><img loading=\"lazy\" decoding=\"async\" width=\"150\" height=\"150\" src=\"https:\/\/www.beautylicious-nails-and-more.de\/wp-content\/uploads\/2013\/05\/enthaarung_2-150x150.jpg\" class=\"attachment-thumbnail size-thumbnail\" alt=\"\" \/><\/a>\n\t\t\t<\/dt><\/dl><dl class='gallery-item'>\n\t\t\t<dt class='gallery-icon landscape'>\n\t\t\t\t<a title=\"1\" href='https:\/\/www.beautylicious-nails-and-more.de\/wp-content\/uploads\/2013\/05\/enthaarung_3.jpg'><img loading=\"lazy\" decoding=\"async\" width=\"150\" height=\"150\" src=\"https:\/\/www.beautylicious-nails-and-more.de\/wp-content\/uploads\/2013\/05\/enthaarung_3-150x150.jpg\" class=\"attachment-thumbnail size-thumbnail\" alt=\"\" \/><\/a>\n\t\t\t<\/dt><\/dl><br style=\"clear: both\" \/>\n\t\t<\/div>\n\n","protected":false},"excerpt":{"rendered":"<p>Depilation &#8211; Warmwachsenthaarung Sanfte Anwendung der Haarentfernung lassen Sie optisch st\u00f6rende Haare entfernen. Depilation kann an verschiedenen K\u00f6rperstellen angewendet werden. Je nach Hauttyp h\u00e4lt die Wirksamkeit der Depilation 3-6 Wochen. &nbsp; Die Leistungen im \u00dcberblick: Beine, Bauch oder Brust ab 27,00 \u20ac Arme (beide komplett) 26,00 \u20ac Achseln ( beide) 18,00 \u20ac R\u00fccken ( je [&hellip;]<\/p>\n","protected":false},"author":1,"featured_media":0,"parent":59,"menu_order":0,"comment_status":"open","ping_status":"open","template":"","meta":{"ngg_post_thumbnail":0,"footnotes":""},"_links":{"self":[{"href":"https:\/\/www.beautylicious-nails-and-more.de\/index.php?rest_route=\/wp\/v2\/pages\/173"}],"collection":[{"href":"https:\/\/www.beautylicious-nails-and-more.de\/index.php?rest_route=\/wp\/v2\/pages"}],"about":[{"href":"https:\/\/www.beautylicious-nails-and-more.de\/index.php?rest_route=\/wp\/v2\/types\/page"}],"author":[{"embeddable":true,"href":"https:\/\/www.beautylicious-nails-and-more.de\/index.php?rest_route=\/wp\/v2\/users\/1"}],"replies":[{"embeddable":true,"href":"https:\/\/www.beautylicious-nails-and-more.de\/index.php?rest_route=%2Fwp%2Fv2%2Fcomments&post=173"}],"version-history":[{"count":20,"href":"https:\/\/www.beautylicious-nails-and-more.de\/index.php?rest_route=\/wp\/v2\/pages\/173\/revisions"}],"predecessor-version":[{"id":616,"href":"https:\/\/www.beautylicious-nails-and-more.de\/index.php?rest_route=\/wp\/v2\/pages\/173\/revisions\/616"}],"up":[{"embeddable":true,"href":"https:\/\/www.beautylicious-nails-and-more.de\/index.php?rest_route=\/wp\/v2\/pages\/59"}],"wp:attachment":[{"href":"https:\/\/www.beautylicious-nails-and-more.de\/index.php?rest_route=%2Fwp%2Fv2%2Fmedia&parent=173"}],"curies":[{"name":"wp","href":"https:\/\/api.w.org\/{rel}","templated":true}]}}