{"id":18,"date":"2013-05-28T15:18:15","date_gmt":"2013-05-28T13:18:15","guid":{"rendered":"http:\/\/neu.beautylicious-nails-and-more.de\/?page_id=18"},"modified":"2013-05-28T15:19:54","modified_gmt":"2013-05-28T13:19:54","slug":"impressumm","status":"publish","type":"page","link":"https:\/\/www.beautylicious-nails-and-more.de\/?page_id=18","title":{"rendered":"Impressum"},"content":{"rendered":"<div>Verantwortlich f\u00fcr den Inhalt dieser Seiten:<\/div>\n<div><a title=\"Startseite\" href=\"http:\/\/beautylicious-nails-and-more.de\/\">www.beautylicious-nails-and-more.de<\/a><\/div>\n<p>&nbsp;<\/p>\n<div>Sandra Franciosa<br \/>\nHanauer Str. 2<\/div>\n<div>61138 Niederdorfelden<\/div>\n<div>Tel. 06101 \/ 3 26 43<\/div>\n<div>Mobil 0176 \/ 25 81 87 55<\/div>\n<p>&nbsp;<\/p>\n<p>USt-Nr.: 022 818 31669<\/p>\n<p>&nbsp;<\/p>\n<div>E-mail: <a href=\"mailto:info@beautylicious-nails-and-more.de\">info@beautylicious-nails-and-more.de<\/a> Diese E-Mail-Adresse ist gegen Spambots gesch\u00fctzt! JavaScript muss aktiviert werden, damit sie angezeigt werden kann.<\/div>\n<div>Alle Daten\u00a0 dieser Website sind urheberrechtlich gesch\u00fctzt. Jede Bearbeitung, Vervielf\u00e4ltigung, Verbreitung und\/oder \u00f6ffentliche Wiedergabe unabh\u00e4ngig vom verwendetem Medium stellt einen Urheberrechtsverstoss dar. F\u00fcr Freigaben wenden Sie sich bitte an <a href=\"mailto:info@beautylicious-nails-and-more.de\">info@beautylicious-nails-and-more.de<\/a><\/div>\n<h5>Verwendung von Cookies<\/h5>\n<div>Diese Website verwendet Cookies. Das sind kleine Textdateien, die im Speicher des verwendeten Internet-Browser abgelegt werden k\u00f6nnen. um die Wiedererkennung des Internet-Browsers zu erm\u00f6glichen. Es werden keine pers\u00f6nlichen Daten \u00fcber Sie oder Ihre Internetnutzung erhoben. Gesetzte Cookies k\u00f6nnen Sie selbst jederzeit l\u00f6schen, indem Sie den entsprechenden Men\u00fcpunkt in Ihrem verwendeten Internet-Browser aufrufen.<\/div>\n","protected":false},"excerpt":{"rendered":"<p>Verantwortlich f\u00fcr den Inhalt dieser Seiten: www.beautylicious-nails-and-more.de &nbsp; Sandra Franciosa Hanauer Str. 2 61138 Niederdorfelden Tel. 06101 \/ 3 26 43 Mobil 0176 \/ 25 81 87 55 &nbsp; USt-Nr.: 022 818 31669 &nbsp; E-mail: info@beautylicious-nails-and-more.de Diese E-Mail-Adresse ist gegen Spambots gesch\u00fctzt! JavaScript muss aktiviert werden, damit sie angezeigt werden kann. Alle Daten\u00a0 dieser Website [&hellip;]<\/p>\n","protected":false},"author":1,"featured_media":0,"parent":0,"menu_order":0,"comment_status":"open","ping_status":"open","template":"","meta":{"ngg_post_thumbnail":0,"footnotes":""},"_links":{"self":[{"href":"https:\/\/www.beautylicious-nails-and-more.de\/index.php?rest_route=\/wp\/v2\/pages\/18"}],"collection":[{"href":"https:\/\/www.beautylicious-nails-and-more.de\/index.php?rest_route=\/wp\/v2\/pages"}],"about":[{"href":"https:\/\/www.beautylicious-nails-and-more.de\/index.php?rest_route=\/wp\/v2\/types\/page"}],"author":[{"embeddable":true,"href":"https:\/\/www.beautylicious-nails-and-more.de\/index.php?rest_route=\/wp\/v2\/users\/1"}],"replies":[{"embeddable":true,"href":"https:\/\/www.beautylicious-nails-and-more.de\/index.php?rest_route=%2Fwp%2Fv2%2Fcomments&post=18"}],"version-history":[{"count":2,"href":"https:\/\/www.beautylicious-nails-and-more.de\/index.php?rest_route=\/wp\/v2\/pages\/18\/revisions"}],"predecessor-version":[{"id":22,"href":"https:\/\/www.beautylicious-nails-and-more.de\/index.php?rest_route=\/wp\/v2\/pages\/18\/revisions\/22"}],"wp:attachment":[{"href":"https:\/\/www.beautylicious-nails-and-more.de\/index.php?rest_route=%2Fwp%2Fv2%2Fmedia&parent=18"}],"curies":[{"name":"wp","href":"https:\/\/api.w.org\/{rel}","templated":true}]}}