{"id":224,"date":"2013-05-30T12:18:13","date_gmt":"2013-05-30T10:18:13","guid":{"rendered":"http:\/\/neu.beautylicious-nails-and-more.de\/?page_id=224"},"modified":"2024-02-06T19:40:58","modified_gmt":"2024-02-06T17:40:58","slug":"massagen","status":"publish","type":"page","link":"https:\/\/www.beautylicious-nails-and-more.de\/?page_id=224","title":{"rendered":"Massagen"},"content":{"rendered":"<h2 style=\"text-align: center;\"><span style=\"color: #ff99cc;\">Fitness &amp; Wellnessmassagen<\/span><\/h2>\n<h2 style=\"text-align: center;\"><span style=\"color: #ff99cc;\">Entspannung tr\u00e4gt zur Regeneration bei.<\/span><\/h2>\n<p><span style=\"font-size: medium;\">G\u00f6nnen Sie Ihrem K\u00f6rper Ruhe und Entspannung und lassen die Seele baumeln. Das belebt die Leistungsf\u00e4higkeit und tr\u00e4gt zum Wohlbefinden bei.<\/span><\/p>\n<p><span style=\"font-size: medium;\">Die einf\u00fchlsamen Wellness-Massagen f\u00f6rdern die Durchblutung, lockern die Muskulatur und straffen das Bindegewebe. Es werden nur hochwertige \u00d6le mit \u00e4therischen Essenzen verwendet.<\/span><\/p>\n<p>&nbsp;<\/p>\n<table style=\"width: 87.7477%;\" border=\"0\" cellspacing=\"5\" cellpadding=\"5\" align=\"center\">\n<tbody>\n<tr>\n<td style=\"width: 116.803%;\" colspan=\"2\">\n<h2><span style=\"color: #ff99cc;\">Die Leistungen im \u00dcberblick:<\/span><\/h2>\n<\/td>\n<\/tr>\n<tr>\n<td style=\"text-align: left; width: 67.4196%;\">\n<h2><span style=\"color: #ff99cc;\">Klassisch<\/span><\/h2>\n<\/td>\n<td style=\"width: 49.383%;\">&nbsp;<\/td>\n<\/tr>\n<tr>\n<td style=\"text-align: left; width: 67.4196%;\" valign=\"top\"><span style=\"font-size: medium;\">35 Min. R\u00fccken und Nacken<\/span><\/td>\n<td style=\"text-align: right; width: 49.383%;\" valign=\"top\">32,00 \u20ac<\/td>\n<\/tr>\n<tr>\n<td style=\"text-align: left; width: 67.4196%;\" valign=\"top\"><span style=\"font-size: medium;\">60 Min. Ganzk\u00f6rpermassage<\/span><\/td>\n<td style=\"text-align: right; width: 49.383%;\" valign=\"top\">57,00 \u20ac<\/td>\n<\/tr>\n<tr>\n<td style=\"text-align: left; width: 67.4196%;\" valign=\"top\">&nbsp;<\/td>\n<td style=\"text-align: right; width: 49.383%;\" valign=\"top\">&nbsp;<\/td>\n<\/tr>\n<tr>\n<td style=\"text-align: left; width: 67.4196%;\" valign=\"top\">\n<h2><span style=\"color: #ff99cc;\">Aroma\u00f6l<\/span><\/h2>\n<\/td>\n<td style=\"text-align: right; width: 49.383%;\" valign=\"top\">&nbsp;<\/td>\n<\/tr>\n<tr>\n<td style=\"text-align: left; width: 67.4196%;\" valign=\"top\"><span style=\"font-size: medium;\">35 Min. R\u00fccken und Nacken<\/span><\/td>\n<td style=\"text-align: right; width: 49.383%;\" valign=\"top\">39,00 \u20ac<\/td>\n<\/tr>\n<tr>\n<td style=\"text-align: left; width: 67.4196%;\" valign=\"top\"><span style=\"font-size: medium;\">60 Min. Ganzk\u00f6rpermassage<\/span><\/td>\n<td style=\"text-align: right; width: 49.383%;\" valign=\"top\">65,00 \u20ac<\/td>\n<\/tr>\n<tr>\n<td style=\"text-align: left; width: 67.4196%;\" valign=\"top\">&nbsp;<\/td>\n<td style=\"text-align: right; width: 49.383%;\" valign=\"top\">&nbsp;<\/td>\n<\/tr>\n<tr>\n<td style=\"text-align: left; width: 67.4196%;\" valign=\"top\">\n<h2><span style=\"color: #ff99cc;\">Hot Stone<\/span><\/h2>\n<\/td>\n<td style=\"text-align: right; width: 49.383%;\" valign=\"top\">&nbsp;<\/td>\n<\/tr>\n<tr>\n<td style=\"text-align: left; width: 67.4196%;\" valign=\"top\"><span style=\"font-size: medium;\">35 Min. R\u00fccken und Nacken<\/span><\/td>\n<td style=\"text-align: right; width: 49.383%;\" valign=\"top\">44,00 \u20ac<\/td>\n<\/tr>\n<tr>\n<td style=\"text-align: left; width: 67.4196%;\" valign=\"top\"><span style=\"font-size: medium;\">60 Min. Ganzk\u00f6rpermassage<\/span><\/td>\n<td style=\"text-align: right; width: 49.383%;\" valign=\"top\">66,00 \u20ac<\/td>\n<\/tr>\n<tr>\n<td style=\"text-align: left; width: 67.4196%;\" valign=\"top\">&nbsp;<\/td>\n<td style=\"text-align: right; width: 49.383%;\" valign=\"top\">&nbsp;<\/td>\n<\/tr>\n<tr>\n<td style=\"text-align: left; width: 67.4196%;\" valign=\"top\">\n<h2><span style=\"color: #ff99cc;\">Fitnessmassage<\/span><\/h2>\n<\/td>\n<td style=\"text-align: right; width: 49.383%;\" valign=\"top\">&nbsp;<\/td>\n<\/tr>\n<tr>\n<td style=\"text-align: left; width: 67.4196%;\" valign=\"top\"><span style=\"font-size: medium;\">20 Min. R\u00fccken, Nacken und Peeling<\/span><\/td>\n<td style=\"text-align: right; width: 49.383%;\" valign=\"top\">26,00 \u20ac<\/td>\n<\/tr>\n<tr>\n<td style=\"text-align: left; width: 67.4196%;\" valign=\"top\"><span style=\"font-size: medium;\">40 Min. Ganzk\u00f6rpermassage<\/span><\/td>\n<td style=\"text-align: right; width: 49.383%;\" valign=\"top\">44,00 \u20ac<\/td>\n<\/tr>\n<\/tbody>\n<\/table>\n\n\t\t<style type=\"text\/css\">\n\t\t\t#gallery-1 {\n\t\t\t\tmargin: auto;\n\t\t\t}\n\t\t\t#gallery-1 .gallery-item {\n\t\t\t\tfloat: left;\n\t\t\t\tmargin-top: 10px;\n\t\t\t\ttext-align: center;\n\t\t\t\twidth: 33%;\n\t\t\t}\n\t\t\t#gallery-1 img {\n\t\t\t\tborder: 2px solid #cfcfcf;\n\t\t\t}\n\t\t\t#gallery-1 .gallery-caption {\n\t\t\t\tmargin-left: 0;\n\t\t\t}\n\t\t\t\/* see gallery_shortcode() in wp-includes\/media.php *\/\n\t\t<\/style>\n\t\t<div id='gallery-1' class='gallery galleryid-224 gallery-columns-3 gallery-size-thumbnail'><dl class='gallery-item'>\n\t\t\t<dt class='gallery-icon landscape'>\n\t\t\t\t<a title=\"1\" href='https:\/\/www.beautylicious-nails-and-more.de\/wp-content\/uploads\/2013\/05\/Massage_01.jpg'><img loading=\"lazy\" decoding=\"async\" width=\"150\" height=\"150\" src=\"https:\/\/www.beautylicious-nails-and-more.de\/wp-content\/uploads\/2013\/05\/Massage_01-150x150.jpg\" class=\"attachment-thumbnail size-thumbnail\" alt=\"\" \/><\/a>\n\t\t\t<\/dt><\/dl><dl class='gallery-item'>\n\t\t\t<dt class='gallery-icon landscape'>\n\t\t\t\t<a title=\"2\" href='https:\/\/www.beautylicious-nails-and-more.de\/wp-content\/uploads\/2013\/05\/Massage_02.jpg'><img loading=\"lazy\" decoding=\"async\" width=\"150\" height=\"150\" src=\"https:\/\/www.beautylicious-nails-and-more.de\/wp-content\/uploads\/2013\/05\/Massage_02-150x150.jpg\" class=\"attachment-thumbnail size-thumbnail\" alt=\"\" \/><\/a>\n\t\t\t<\/dt><\/dl><dl class='gallery-item'>\n\t\t\t<dt class='gallery-icon landscape'>\n\t\t\t\t<a title=\"3\" href='https:\/\/www.beautylicious-nails-and-more.de\/wp-content\/uploads\/2013\/05\/Massage_03-e1369909207848.jpg'><img loading=\"lazy\" decoding=\"async\" width=\"150\" height=\"150\" src=\"https:\/\/www.beautylicious-nails-and-more.de\/wp-content\/uploads\/2013\/05\/Massage_03-e1369909207848-150x150.jpg\" class=\"attachment-thumbnail size-thumbnail\" alt=\"\" \/><\/a>\n\t\t\t<\/dt><\/dl><br style=\"clear: both\" \/>\n\t\t<\/div>\n\n","protected":false},"excerpt":{"rendered":"<p>Fitness &amp; Wellnessmassagen Entspannung tr\u00e4gt zur Regeneration bei. G\u00f6nnen Sie Ihrem K\u00f6rper Ruhe und Entspannung und lassen die Seele baumeln. Das belebt die Leistungsf\u00e4higkeit und tr\u00e4gt zum Wohlbefinden bei. Die einf\u00fchlsamen Wellness-Massagen f\u00f6rdern die Durchblutung, lockern die Muskulatur und straffen das Bindegewebe. Es werden nur hochwertige \u00d6le mit \u00e4therischen Essenzen verwendet. &nbsp; Die Leistungen im [&hellip;]<\/p>\n","protected":false},"author":1,"featured_media":0,"parent":59,"menu_order":0,"comment_status":"open","ping_status":"open","template":"","meta":{"ngg_post_thumbnail":0,"footnotes":""},"_links":{"self":[{"href":"https:\/\/www.beautylicious-nails-and-more.de\/index.php?rest_route=\/wp\/v2\/pages\/224"}],"collection":[{"href":"https:\/\/www.beautylicious-nails-and-more.de\/index.php?rest_route=\/wp\/v2\/pages"}],"about":[{"href":"https:\/\/www.beautylicious-nails-and-more.de\/index.php?rest_route=\/wp\/v2\/types\/page"}],"author":[{"embeddable":true,"href":"https:\/\/www.beautylicious-nails-and-more.de\/index.php?rest_route=\/wp\/v2\/users\/1"}],"replies":[{"embeddable":true,"href":"https:\/\/www.beautylicious-nails-and-more.de\/index.php?rest_route=%2Fwp%2Fv2%2Fcomments&post=224"}],"version-history":[{"count":7,"href":"https:\/\/www.beautylicious-nails-and-more.de\/index.php?rest_route=\/wp\/v2\/pages\/224\/revisions"}],"predecessor-version":[{"id":627,"href":"https:\/\/www.beautylicious-nails-and-more.de\/index.php?rest_route=\/wp\/v2\/pages\/224\/revisions\/627"}],"up":[{"embeddable":true,"href":"https:\/\/www.beautylicious-nails-and-more.de\/index.php?rest_route=\/wp\/v2\/pages\/59"}],"wp:attachment":[{"href":"https:\/\/www.beautylicious-nails-and-more.de\/index.php?rest_route=%2Fwp%2Fv2%2Fmedia&parent=224"}],"curies":[{"name":"wp","href":"https:\/\/api.w.org\/{rel}","templated":true}]}}