{"id":500,"date":"2016-05-20T12:24:40","date_gmt":"2016-05-20T10:24:40","guid":{"rendered":"http:\/\/www.beautylicious-nails-and-more.de\/?page_id=500"},"modified":"2024-02-06T19:39:14","modified_gmt":"2024-02-06T17:39:14","slug":"pedikuere","status":"publish","type":"page","link":"https:\/\/www.beautylicious-nails-and-more.de\/?page_id=500","title":{"rendered":"Pedik\u00fcre"},"content":{"rendered":"<h2 style=\"text-align: center;\"><span style=\"color: #ff99cc;\">Die klassische Pedik\u00fcre<br \/>\n<\/span><\/h2>\n<p>&nbsp;<\/p>\n<table style=\"width: 95.6343%; border: 0px solid #363636;\" border=\"0\" frame=\"box\" cellspacing=\"5\" cellpadding=\"5\" align=\"center\">\n<tbody>\n<tr>\n<td style=\"width: 126.575%;\" colspan=\"2\">\n<h2 style=\"text-align: center;\"><span style=\"color: #ff99cc;\">Die Leistungen im \u00dcberblick:<\/span><\/h2>\n<\/td>\n<\/tr>\n<tr>\n<td style=\"text-align: left; width: 64.5842%;\"><span style=\"font-size: medium;\">Pedik\u00fcre Standard<br \/>\n<\/span><\/td>\n<td style=\"width: 61.9911%; text-align: right;\"><span style=\"font-size: medium;\">25,00 \u20ac<\/span><\/td>\n<\/tr>\n<tr>\n<td style=\"text-align: left; width: 64.5842%;\"><span style=\"font-size: medium;\">Pedik\u00fcre inkl. lackieren<\/span><\/td>\n<td style=\"width: 61.9911%; text-align: right;\"><span style=\"font-size: medium;\">31,00 \u20ac<\/span><\/td>\n<\/tr>\n<tr>\n<td style=\"text-align: left; width: 64.5842%;\">&nbsp;<\/td>\n<td style=\"width: 61.9911%;\">&nbsp;<\/td>\n<\/tr>\n<\/tbody>\n<\/table>\n","protected":false},"excerpt":{"rendered":"<p>Die klassische Pedik\u00fcre &nbsp; Die Leistungen im \u00dcberblick: Pedik\u00fcre Standard 25,00 \u20ac Pedik\u00fcre inkl. lackieren 31,00 \u20ac &nbsp; &nbsp;<\/p>\n","protected":false},"author":1,"featured_media":0,"parent":59,"menu_order":0,"comment_status":"closed","ping_status":"closed","template":"","meta":{"ngg_post_thumbnail":0,"footnotes":""},"_links":{"self":[{"href":"https:\/\/www.beautylicious-nails-and-more.de\/index.php?rest_route=\/wp\/v2\/pages\/500"}],"collection":[{"href":"https:\/\/www.beautylicious-nails-and-more.de\/index.php?rest_route=\/wp\/v2\/pages"}],"about":[{"href":"https:\/\/www.beautylicious-nails-and-more.de\/index.php?rest_route=\/wp\/v2\/types\/page"}],"author":[{"embeddable":true,"href":"https:\/\/www.beautylicious-nails-and-more.de\/index.php?rest_route=\/wp\/v2\/users\/1"}],"replies":[{"embeddable":true,"href":"https:\/\/www.beautylicious-nails-and-more.de\/index.php?rest_route=%2Fwp%2Fv2%2Fcomments&post=500"}],"version-history":[{"count":12,"href":"https:\/\/www.beautylicious-nails-and-more.de\/index.php?rest_route=\/wp\/v2\/pages\/500\/revisions"}],"predecessor-version":[{"id":625,"href":"https:\/\/www.beautylicious-nails-and-more.de\/index.php?rest_route=\/wp\/v2\/pages\/500\/revisions\/625"}],"up":[{"embeddable":true,"href":"https:\/\/www.beautylicious-nails-and-more.de\/index.php?rest_route=\/wp\/v2\/pages\/59"}],"wp:attachment":[{"href":"https:\/\/www.beautylicious-nails-and-more.de\/index.php?rest_route=%2Fwp%2Fv2%2Fmedia&parent=500"}],"curies":[{"name":"wp","href":"https:\/\/api.w.org\/{rel}","templated":true}]}}