{"id":59,"date":"2013-05-29T13:49:46","date_gmt":"2013-05-29T11:49:46","guid":{"rendered":"http:\/\/neu.beautylicious-nails-and-more.de\/?page_id=59"},"modified":"2013-06-04T12:55:42","modified_gmt":"2013-06-04T10:55:42","slug":"leistungen","status":"publish","type":"page","link":"https:\/\/www.beautylicious-nails-and-more.de\/?page_id=59","title":{"rendered":"Leistungen"},"content":{"rendered":"<h3 style=\"text-align: center;\"><span style=\"color: #ff99cc;\">meine Leistungen<\/span><\/h3>\n<p>F\u00fcr Ihr Wohlbefinden und ein gepflegtes Erscheinungsbild biete ich verschiedene Bereiche an. \u00dcber Naildesign, Fu\u00dfpflege, Massagen und vieles mehr bekommen Sie bei mir alles aus einer Hand.<\/p>\n<p>Geniessen Sie eine entspannende Pflege bei einem leckeren Cappuccino.<\/p>\n","protected":false},"excerpt":{"rendered":"<p>meine Leistungen F\u00fcr Ihr Wohlbefinden und ein gepflegtes Erscheinungsbild biete ich verschiedene Bereiche an. \u00dcber Naildesign, Fu\u00dfpflege, Massagen und vieles mehr bekommen Sie bei mir alles aus einer Hand. Geniessen Sie eine entspannende Pflege bei einem leckeren Cappuccino.<\/p>\n","protected":false},"author":1,"featured_media":0,"parent":0,"menu_order":0,"comment_status":"open","ping_status":"open","template":"","meta":{"ngg_post_thumbnail":0,"footnotes":""},"_links":{"self":[{"href":"https:\/\/www.beautylicious-nails-and-more.de\/index.php?rest_route=\/wp\/v2\/pages\/59"}],"collection":[{"href":"https:\/\/www.beautylicious-nails-and-more.de\/index.php?rest_route=\/wp\/v2\/pages"}],"about":[{"href":"https:\/\/www.beautylicious-nails-and-more.de\/index.php?rest_route=\/wp\/v2\/types\/page"}],"author":[{"embeddable":true,"href":"https:\/\/www.beautylicious-nails-and-more.de\/index.php?rest_route=\/wp\/v2\/users\/1"}],"replies":[{"embeddable":true,"href":"https:\/\/www.beautylicious-nails-and-more.de\/index.php?rest_route=%2Fwp%2Fv2%2Fcomments&post=59"}],"version-history":[{"count":8,"href":"https:\/\/www.beautylicious-nails-and-more.de\/index.php?rest_route=\/wp\/v2\/pages\/59\/revisions"}],"predecessor-version":[{"id":399,"href":"https:\/\/www.beautylicious-nails-and-more.de\/index.php?rest_route=\/wp\/v2\/pages\/59\/revisions\/399"}],"wp:attachment":[{"href":"https:\/\/www.beautylicious-nails-and-more.de\/index.php?rest_route=%2Fwp%2Fv2%2Fmedia&parent=59"}],"curies":[{"name":"wp","href":"https:\/\/api.w.org\/{rel}","templated":true}]}}